{"id":332,"date":"2023-12-04T22:51:53","date_gmt":"2023-12-04T22:51:53","guid":{"rendered":"https:\/\/app.mycirclesv.com\/?page_id=332"},"modified":"2023-12-04T23:02:16","modified_gmt":"2023-12-04T23:02:16","slug":"terminos-y-condiciones-y-politicas-de-privacidad","status":"publish","type":"page","link":"https:\/\/app.mycirclesv.com\/en\/terminos-y-condiciones-y-politicas-de-privacidad\/","title":{"rendered":"T\u00e9rminos y condiciones y pol\u00edticas de privacidad"},"content":{"rendered":"<div data-elementor-type=\"wp-page\" data-elementor-id=\"332\" class=\"elementor elementor-332\">\n\t\t\t\t<div class=\"elementor-element elementor-element-81fd498 e-flex e-con-boxed e-con e-parent\" data-id=\"81fd498\" data-element_type=\"container\">\n\t\t\t\t\t<div class=\"e-con-inner\">\n\t\t\t\t<div class=\"elementor-element elementor-element-87b9544 elementor-widget elementor-widget-heading\" data-id=\"87b9544\" data-element_type=\"widget\" data-widget_type=\"heading.default\">\n\t\t\t\t<div class=\"elementor-widget-container\">\n\t\t\t\t\t<h2 class=\"elementor-heading-title elementor-size-default\">Terminos y Condiciones<\/h2>\t\t\t\t<\/div>\n\t\t\t\t<\/div>\n\t\t\t\t\t<\/div>\n\t\t\t\t<\/div>\n\t\t<div class=\"elementor-element elementor-element-7901c34 e-flex e-con-boxed e-con e-parent\" data-id=\"7901c34\" data-element_type=\"container\">\n\t\t\t\t\t<div class=\"e-con-inner\">\n\t\t\t\t<div class=\"elementor-element elementor-element-82b3e94 elementor-widget elementor-widget-text-editor\" data-id=\"82b3e94\" data-element_type=\"widget\" data-widget_type=\"text-editor.default\">\n\t\t\t\t<div class=\"elementor-widget-container\">\n\t\t\t\t\t\t\t\t\t<p>Bienvenido a My Circle Rent a Car.<br \/>Al utilizar nuestro sitio web, aceptas los siguientes t\u00e9rminos y condiciones. Te recomendamos leer detenidamente la siguiente informaci\u00f3n.<br \/>Reservas y Pagos:<br \/>\u2022 Las reservas son vinculantes y se deben realizar con al menos 24 horas de antelaci\u00f3n.<br \/>\u2022 El pago completo se debe realizar al confirmar la reserva.<\/p><p><br \/>Cancelaciones y Reembolsos:<br \/>\u2022 Las cancelaciones realizadas 24 horas despu\u00e9s de la reserva no ser\u00e1n reembolsadas.<br \/>\u2022 Para cancelaciones posteriores, se aplicar\u00e1 una pol\u00edtica de reembolso sujeta a las circunstancias espec\u00edficas.<\/p><p><br \/>Responsabilidades del Cliente:<br \/>\u2022 El cliente debe proporcionar informaci\u00f3n precisa al realizar la reserva.<br \/>\u2022 El cliente es responsable de revisar y cumplir con las leyes locales de tr\u00e1nsito.<\/p><p><br \/>Responsabilidades de My Circle Rent a Car:<br \/>\u2022 Nos comprometemos a ofrecer veh\u00edculos en buen estado y servicios de calidad.<br \/>\u2022Nos reservamos el derecho de cancelar o modificar reservas en circunstancias imprevistas.<\/p><p><br \/>Seguros y Da\u00f1os:<br \/>\u2022 Ofrecemos opciones de seguro para cubrir da\u00f1os al veh\u00edculo.<br \/>\u2022 El cliente es responsable de informar inmediatamente sobre cualquier da\u00f1o al veh\u00edculo.<\/p><p>\u00a0<\/p><p>Privacidad y Protecci\u00f3n de Datos:<br \/>\u2022 Respetamos la privacidad de nuestros clientes y cumplimos con las leyes de protecci\u00f3n de datos.<br \/>\u2022 Utilizamos la informaci\u00f3n recopilada solo con finos operativos y de mejora del servicio.<\/p><p><br \/>Disputas y Arbitraje:<br \/>\u2022 Cualquier disputa se resolver\u00e1 mediante arbitraje, de acuerdo con las leyes locales y las normativas aplicables.<\/p><p><br \/>Modificaciones de T\u00e9rminos:<br \/>\u2022 Nos reservamos el derecho de modificar estos t\u00e9rminos en cualquier momento. Los cambios entrar\u00e1n en vigor al ser publicados en el sitio web.<\/p><p>Contacto:<br \/>\u2022 Para consultas o aclaraciones, cont\u00e1ctanos a trav\u00e9s de infomycircle@gmail.com o +503 7914 8050.<\/p>\t\t\t\t\t\t\t\t<\/div>\n\t\t\t\t<\/div>\n\t\t\t\t\t<\/div>\n\t\t\t\t<\/div>\n\t\t<div class=\"elementor-element elementor-element-1ab54fa e-flex e-con-boxed e-con e-parent\" data-id=\"1ab54fa\" data-element_type=\"container\">\n\t\t\t\t\t<div class=\"e-con-inner\">\n\t\t\t\t<div class=\"elementor-element elementor-element-a4063d7 elementor-widget elementor-widget-heading\" data-id=\"a4063d7\" data-element_type=\"widget\" data-widget_type=\"heading.default\">\n\t\t\t\t<div class=\"elementor-widget-container\">\n\t\t\t\t\t<h2 class=\"elementor-heading-title elementor-size-default\">Pol\u00edticas de Privacidad<\/h2>\t\t\t\t<\/div>\n\t\t\t\t<\/div>\n\t\t\t\t\t<\/div>\n\t\t\t\t<\/div>\n\t\t<div class=\"elementor-element elementor-element-771c46b e-flex e-con-boxed e-con e-parent\" data-id=\"771c46b\" data-element_type=\"container\">\n\t\t\t\t\t<div class=\"e-con-inner\">\n\t\t\t\t<div class=\"elementor-element elementor-element-bbcb6e8 elementor-widget elementor-widget-text-editor\" data-id=\"bbcb6e8\" data-element_type=\"widget\" data-widget_type=\"text-editor.default\">\n\t\t\t\t<div class=\"elementor-widget-container\">\n\t\t\t\t\t\t\t\t\t<p>El presente Pol\u00edtica de Privacidad establece los t\u00e9rminos en que My Circle Car rental usa y protege la informaci\u00f3n que es proporcionada por sus usuarios al momento de utilizar su sitio web. Esta compa\u00f1\u00eda est\u00e1 comprometida con la seguridad de los datos de sus usuarios. Cuando le pedimos llenar los campos de informaci\u00f3n personal con la cual usted pueda ser identificado, lo hacemos asegurando que s\u00f3lo se emplear\u00e1 de acuerdo con los t\u00e9rminos de este documento. Sin embargo esta Pol\u00edtica de Privacidad puede cambiar con el tiempo o ser actualizada por lo que le recomendamos y enfatizamos revisar continuamente esta p\u00e1gina para asegurarse que est\u00e1 de acuerdo con dichos cambios.<\/p><p><br \/>Informaci\u00f3n que es recogida<br \/>Nuestro sitio web podr\u00e1 recoger informaci\u00f3n personal por ejemplo: Nombre, informaci\u00f3n de contacto como su direcci\u00f3n de correo electr\u00f3nica e informaci\u00f3n demogr\u00e1fica. As\u00ed mismo cuando sea necesario podr\u00e1 ser requerida informaci\u00f3n espec\u00edfica para procesar alg\u00fan pedido o realizar una entrega o facturaci\u00f3n.<\/p><p><br \/>Uso de la informaci\u00f3n recogida<br \/>Nuestro sitio web emplea la informaci\u00f3n con el fin de proporcionar el mejor servicio posible, particularmente para mantener un registro de usuarios, de pedidos en caso que aplique, y mejorar nuestros productos y servicios. Es posible que sean enviados correos electr\u00f3nicos peri\u00f3dicamente a trav\u00e9s de nuestro sitio con ofertas especiales, nuevos productos y otra informaci\u00f3n publicitaria que consideremos relevante para usted o que pueda brindarle alg\u00fan beneficio, estos correos electr\u00f3nicos ser\u00e1n enviados a la direcci\u00f3n que usted proporcione y podr\u00e1n ser cancelados en cualquier momento.<\/p><p><br \/>My Circle Car rental est\u00e1 altamente comprometido para cumplir con el compromiso de mantener su informaci\u00f3n segura. Usamos los sistemas m\u00e1s avanzados y los actualizamos constantemente para asegurarnos que no exista ning\u00fan acceso no autorizado.<\/p><p><br \/>Cookies<br \/>Una cookie se refiere a un fichero que es enviado con la finalidad de solicitar permiso para almacenarse en su ordenador, al aceptar dicho fichero se crea y la cookie sirve entonces para tener informaci\u00f3n respecto al tr\u00e1fico web, y tambi\u00e9n facilita las futuras visitas a una web recurrente. Otra funci\u00f3n que tienen las cookies es que con ellas las web pueden reconocerte individualmente y por tanto brindarte el mejor servicio personalizado de su web.<\/p><p><br \/>Nuestro sitio web emplea las cookies para poder identificar las p\u00e1ginas que son visitadas y su frecuencia. Esta informaci\u00f3n es empleada \u00fanicamente para an\u00e1lisis estad\u00edstico y despu\u00e9s la informaci\u00f3n se elimina de forma permanente. Usted puede eliminar las cookies en cualquier momento desde su ordenador. Sin embargo las cookies ayudan a proporcionar un mejor servicio de los sitios web, est\u00e1s no dan acceso a informaci\u00f3n de su ordenador ni de usted, a menos de que usted as\u00ed lo quiera y la proporcione directamente .<\/p><p>Usted puede aceptar o negar el uso de cookies, sin embargo la mayor\u00eda de navegadores aceptan cookies autom\u00e1ticamente pues sirve para tener un mejor servicio web. Tambi\u00e9n usted puede cambiar la configuraci\u00f3n de su ordenador para declinar las cookies. Si se declinan es posible que no pueda utilizar algunos de nuestros servicios.<\/p><p><br \/>Enlaces a Terceros<br \/>Este sitio web pudiera contener en laces a otros sitios que pudieran ser de su inter\u00e9s. Una vez que usted de clic en estos enlaces y abandone nuestra p\u00e1gina, ya no tenemos control sobre al sitio al que es redirigido y por lo tanto no somos responsables de los t\u00e9rminos o privacidad ni de la protecci\u00f3n de sus datos en esos otros sitios terceros. Dichos sitios est\u00e1n sujetos a sus propias pol\u00edticas de privacidad por lo cual es recomendable que los consulte para confirmar que usted est\u00e1 de acuerdo con estas.<\/p><p><br \/>Control de su informaci\u00f3n personal<br \/>En cualquier momento usted puede restringir la recopilaci\u00f3n o el uso de la informaci\u00f3n personal que es proporcionada a nuestro sitio web. Cada vez que se le solicite rellenar un formulario, como el de alta de usuario, puede marcar o desmarcar la opci\u00f3n de recibir informaci\u00f3n por correo electr\u00f3nico.<\/p><p>En caso de que haya marcado la opci\u00f3n de recibir nuestro bolet\u00edn o publicidad usted puede cancelarla en cualquier momento.<br \/>Esta compa\u00f1\u00eda no vender\u00e1, ceder\u00e1 ni distribuir\u00e1 la informaci\u00f3n personal que es recopilada sin su consentimiento, salvo que sea requerido por un juez con un orden judicial.<\/p><p><br \/>My Circle Car rental Se reserva el derecho de cambiar los t\u00e9rminos de la presente Pol\u00edtica de Privacidad en cualquier momento.<\/p>\t\t\t\t\t\t\t\t<\/div>\n\t\t\t\t<\/div>\n\t\t\t\t\t<\/div>\n\t\t\t\t<\/div>\n\t\t\t\t<\/div>","protected":false},"excerpt":{"rendered":"<p>Terminos y Condiciones Bienvenido a My Circle Rent a Car.Al utilizar nuestro sitio web, aceptas los siguientes t\u00e9rminos y condiciones. Te recomendamos leer detenidamente la siguiente informaci\u00f3n.Reservas y Pagos:\u2022 Las reservas son vinculantes y se deben realizar con al menos 24 horas de antelaci\u00f3n.\u2022 El pago completo se debe realizar al confirmar la reserva. Cancelaciones [&hellip;]<\/p>","protected":false},"author":13,"featured_media":0,"parent":0,"menu_order":0,"comment_status":"closed","ping_status":"closed","template":"","meta":{"footnotes":""},"class_list":["post-332","page","type-page","status-publish","hentry"],"_links":{"self":[{"href":"https:\/\/app.mycirclesv.com\/en\/wp-json\/wp\/v2\/pages\/332","targetHints":{"allow":["GET"]}}],"collection":[{"href":"https:\/\/app.mycirclesv.com\/en\/wp-json\/wp\/v2\/pages"}],"about":[{"href":"https:\/\/app.mycirclesv.com\/en\/wp-json\/wp\/v2\/types\/page"}],"author":[{"embeddable":true,"href":"https:\/\/app.mycirclesv.com\/en\/wp-json\/wp\/v2\/users\/13"}],"replies":[{"embeddable":true,"href":"https:\/\/app.mycirclesv.com\/en\/wp-json\/wp\/v2\/comments?post=332"}],"version-history":[{"count":4,"href":"https:\/\/app.mycirclesv.com\/en\/wp-json\/wp\/v2\/pages\/332\/revisions"}],"predecessor-version":[{"id":336,"href":"https:\/\/app.mycirclesv.com\/en\/wp-json\/wp\/v2\/pages\/332\/revisions\/336"}],"wp:attachment":[{"href":"https:\/\/app.mycirclesv.com\/en\/wp-json\/wp\/v2\/media?parent=332"}],"curies":[{"name":"wp","href":"https:\/\/api.w.org\/{rel}","templated":true}]}}